{"id":3942,"date":"2017-08-21T11:58:22","date_gmt":"2017-08-21T11:58:22","guid":{"rendered":"https:\/\/baerenschlucht-camping.de\/imprint\/"},"modified":"2024-08-28T12:47:05","modified_gmt":"2024-08-28T12:47:05","slug":"imprint","status":"publish","type":"page","link":"https:\/\/baerenschlucht-camping.de\/en\/imprint\/","title":{"rendered":"Imprint"},"content":{"rendered":"<p>[et_pb_section fb_built=&#8221;1&#8243; _builder_version=&#8221;4.16&#8243; custom_padding=&#8221;45px|0px|54px|0px&#8221; global_colors_info=&#8221;{}&#8221;][et_pb_row _builder_version=&#8221;4.16&#8243; global_colors_info=&#8221;{}&#8221;][et_pb_column type=&#8221;4_4&#8243; _builder_version=&#8221;4.16&#8243; custom_padding=&#8221;|||&#8221; global_colors_info=&#8221;{}&#8221; custom_padding__hover=&#8221;|||&#8221;][et_pb_text _builder_version=&#8221;4.27.0&#8243; _module_preset=&#8221;default&#8221; text_font_size=&#8221;22px&#8221; text_line_height=&#8221;1.8em&#8221; link_text_color=&#8221;#0C71C3&#8243; header_text_color=&#8221;#c7bfa3&#8243; header_2_text_color=&#8221;#c7bfa3&#8243; header_3_text_color=&#8221;#c7bfa3&#8243; hover_enabled=&#8221;0&#8243; global_colors_info=&#8221;{}&#8221; sticky_enabled=&#8221;0&#8243;]<\/p>\n<p><span>Information acc.<br \/>\nTelemedia Act TMG \u00a7 5 <\/span><\/p>\n<p><span>Address<\/span><\/p>\n<p>Family Bayer<br \/><strong>Campingplatz B\u00e4renschlucht<\/strong><br \/>B\u00e4renschlucht 1<br \/>91278 Pottenstein<br \/>Tel.: 09243 &#8211; 206<br \/>Fax: 09243 &#8211; 880<br \/>E-Mail: <a rel=\"noreferrer\">info@baerenschlucht-camping.de<\/a><\/p>\n<p>&nbsp;<\/p>\n<p>Legal information<\/p>\n<p><span>Tax number: 208\/238\/10025<\/span><\/p>\n<p><span>Exclusion of liability (disclaimer)<\/span><\/p>\n<p><span>Liability for content<\/span><\/p>\n<p><span>As a service provider we are responsible according to \u00a7 7 Abs.1<br \/>\nTMG, we are responsible for our own content on these pages in accordance with the general laws.<br \/>\nAccording to \u00a7\u00a7 8 to 10 TMG, however, we as a service provider are not obliged to monitor transmitted or stored third-party information or to investigate circumstances that indicate illegal activity.<br \/>\nObligations to remove or block the use of information in accordance with general legislation remain unaffected by this.<br \/>\nHowever, liability in this respect is only possible from the time of knowledge of a specific infringement.<br \/>\nAs soon as we become aware of such infringements, we will remove this content immediately.     <\/span><\/p>\n<p>&nbsp;<\/p>\n<p><span>Liability for links<\/span><\/p>\n<p><span>Our website contains links to external third-party websites over whose content we have no influence.<br \/>\nTherefore, we cannot accept any liability for this third-party content.<br \/>\nThe respective provider or operator of the pages is always responsible for the content of the linked pages.<br \/>\nThe linked pages were checked for possible legal violations at the time of linking.<br \/>\nIllegal content was not recognizable at the time of linking.<br \/>\nHowever, permanent monitoring of the content of the linked pages is not reasonable without concrete evidence of an infringement.<br \/>\nIf we become aware of any legal infringements, we will remove such links immediately.      <\/span><\/p>\n<p><span><br \/>Copyright<\/span><\/p>\n<p><span>The content and works created by the site operators on these pages are subject to German copyright law.<br \/>\nDuplication, processing, distribution and any kind of exploitation outside the limits of copyright law require the written consent of the respective author or creator.<br \/>\nDownloads and copies of this site are only permitted for private, non-commercial use.<br \/>\nInsofar as the content on this site was not created by the operator, the copyrights of third parties are respected.<br \/>\nIn particular, third-party content is identified as such.<br \/>\nShould you nevertheless become aware of a copyright infringement, please inform us accordingly.<br \/>\nIf we become aware of any infringements, we will remove such content immediately.      <\/span><\/p>\n<p>&nbsp;<\/p>\n<p><span>Sources: anwalt.de<\/span><\/p>\n<p>&nbsp;<\/p>\n<p>\n<script src=\"chrome-extension:\/\/hhojmcideegachlhfgfdhailpfhgknjm\/web_accessible_resources\/index.js\"><\/script>\n<\/p>\n<p>[\/et_pb_text][\/et_pb_column][\/et_pb_row][\/et_pb_section]<\/p>\n","protected":false},"excerpt":{"rendered":"<p>Information acc. Telemedia Act TMG \u00a7 5 Address Family BayerCampingplatz B\u00e4renschluchtB\u00e4renschlucht 191278 PottensteinTel.: 09243 &#8211; 206Fax: 09243 &#8211; 880E-Mail: info@baerenschlucht-camping.de &nbsp; Legal information Tax number: 208\/238\/10025 Exclusion of liability (disclaimer) Liability for content As a service provider we are responsible according to \u00a7 7 Abs.1 TMG, we are responsible for our own content on these [&hellip;]<\/p>\n","protected":false},"author":3,"featured_media":0,"parent":0,"menu_order":0,"comment_status":"closed","ping_status":"closed","template":"","meta":{"_et_pb_use_builder":"on","_et_pb_old_content":"","_et_gb_content_width":"","footnotes":""},"class_list":["post-3942","page","type-page","status-publish","hentry"],"yoast_head":"<!-- This site is optimized with the Yoast SEO plugin v27.3 - https:\/\/yoast.com\/product\/yoast-seo-wordpress\/ -->\n<title>Imprint - Campingplatz B\u00e4renschlucht Pottenstein Fr\u00e4nkische Schweiz<\/title>\n<meta name=\"robots\" content=\"index, follow, max-snippet:-1, max-image-preview:large, max-video-preview:-1\" \/>\n<link rel=\"canonical\" href=\"https:\/\/baerenschlucht-camping.de\/en\/imprint\/\" \/>\n<meta property=\"og:locale\" content=\"en_US\" \/>\n<meta property=\"og:type\" content=\"article\" \/>\n<meta property=\"og:title\" content=\"Imprint - Campingplatz B\u00e4renschlucht Pottenstein Fr\u00e4nkische Schweiz\" \/>\n<meta property=\"og:description\" content=\"Information acc. Telemedia Act TMG \u00a7 5 Address Family BayerCampingplatz B\u00e4renschluchtB\u00e4renschlucht 191278 PottensteinTel.: 09243 - 206Fax: 09243 - 880E-Mail: info@baerenschlucht-camping.de &nbsp; Legal information Tax number: 208\/238\/10025 Exclusion of liability (disclaimer) Liability for content As a service provider we are responsible according to \u00a7 7 Abs.1 TMG, we are responsible for our own content on these [&hellip;]\" \/>\n<meta property=\"og:url\" content=\"https:\/\/baerenschlucht-camping.de\/en\/imprint\/\" \/>\n<meta property=\"og:site_name\" content=\"Campingplatz B\u00e4renschlucht Pottenstein Fr\u00e4nkische Schweiz\" \/>\n<meta property=\"article:modified_time\" content=\"2024-08-28T12:47:05+00:00\" \/>\n<meta name=\"twitter:card\" content=\"summary_large_image\" \/>\n<meta name=\"twitter:label1\" content=\"Est. reading time\" \/>\n\t<meta name=\"twitter:data1\" content=\"2 minutes\" \/>\n<script type=\"application\/ld+json\" class=\"yoast-schema-graph\">{\"@context\":\"https:\\\/\\\/schema.org\",\"@graph\":[{\"@type\":\"WebPage\",\"@id\":\"https:\\\/\\\/baerenschlucht-camping.de\\\/en\\\/imprint\\\/\",\"url\":\"https:\\\/\\\/baerenschlucht-camping.de\\\/en\\\/imprint\\\/\",\"name\":\"Imprint - Campingplatz B\u00e4renschlucht Pottenstein Fr\u00e4nkische Schweiz\",\"isPartOf\":{\"@id\":\"https:\\\/\\\/baerenschlucht-camping.de\\\/en\\\/#website\"},\"datePublished\":\"2017-08-21T11:58:22+00:00\",\"dateModified\":\"2024-08-28T12:47:05+00:00\",\"breadcrumb\":{\"@id\":\"https:\\\/\\\/baerenschlucht-camping.de\\\/en\\\/imprint\\\/#breadcrumb\"},\"inLanguage\":\"en-US\",\"potentialAction\":[{\"@type\":\"ReadAction\",\"target\":[\"https:\\\/\\\/baerenschlucht-camping.de\\\/en\\\/imprint\\\/\"]}]},{\"@type\":\"BreadcrumbList\",\"@id\":\"https:\\\/\\\/baerenschlucht-camping.de\\\/en\\\/imprint\\\/#breadcrumb\",\"itemListElement\":[{\"@type\":\"ListItem\",\"position\":1,\"name\":\"Startseite\",\"item\":\"https:\\\/\\\/baerenschlucht-camping.de\\\/en\\\/home-page\\\/\"},{\"@type\":\"ListItem\",\"position\":2,\"name\":\"Imprint\"}]},{\"@type\":\"WebSite\",\"@id\":\"https:\\\/\\\/baerenschlucht-camping.de\\\/en\\\/#website\",\"url\":\"https:\\\/\\\/baerenschlucht-camping.de\\\/en\\\/\",\"name\":\"Campingplatz B\u00e4renschlucht Pottenstein Fr\u00e4nkische Schweiz\",\"description\":\"Einer der sch\u00f6nsten Campingpl\u00e4tze Europas\",\"potentialAction\":[{\"@type\":\"SearchAction\",\"target\":{\"@type\":\"EntryPoint\",\"urlTemplate\":\"https:\\\/\\\/baerenschlucht-camping.de\\\/en\\\/?s={search_term_string}\"},\"query-input\":{\"@type\":\"PropertyValueSpecification\",\"valueRequired\":true,\"valueName\":\"search_term_string\"}}],\"inLanguage\":\"en-US\"}]}<\/script>\n<!-- \/ Yoast SEO plugin. -->","yoast_head_json":{"title":"Imprint - Campingplatz B\u00e4renschlucht Pottenstein Fr\u00e4nkische Schweiz","robots":{"index":"index","follow":"follow","max-snippet":"max-snippet:-1","max-image-preview":"max-image-preview:large","max-video-preview":"max-video-preview:-1"},"canonical":"https:\/\/baerenschlucht-camping.de\/en\/imprint\/","og_locale":"en_US","og_type":"article","og_title":"Imprint - Campingplatz B\u00e4renschlucht Pottenstein Fr\u00e4nkische Schweiz","og_description":"Information acc. Telemedia Act TMG \u00a7 5 Address Family BayerCampingplatz B\u00e4renschluchtB\u00e4renschlucht 191278 PottensteinTel.: 09243 - 206Fax: 09243 - 880E-Mail: info@baerenschlucht-camping.de &nbsp; Legal information Tax number: 208\/238\/10025 Exclusion of liability (disclaimer) Liability for content As a service provider we are responsible according to \u00a7 7 Abs.1 TMG, we are responsible for our own content on these [&hellip;]","og_url":"https:\/\/baerenschlucht-camping.de\/en\/imprint\/","og_site_name":"Campingplatz B\u00e4renschlucht Pottenstein Fr\u00e4nkische Schweiz","article_modified_time":"2024-08-28T12:47:05+00:00","twitter_card":"summary_large_image","twitter_misc":{"Est. reading time":"2 minutes"},"schema":{"@context":"https:\/\/schema.org","@graph":[{"@type":"WebPage","@id":"https:\/\/baerenschlucht-camping.de\/en\/imprint\/","url":"https:\/\/baerenschlucht-camping.de\/en\/imprint\/","name":"Imprint - Campingplatz B\u00e4renschlucht Pottenstein Fr\u00e4nkische Schweiz","isPartOf":{"@id":"https:\/\/baerenschlucht-camping.de\/en\/#website"},"datePublished":"2017-08-21T11:58:22+00:00","dateModified":"2024-08-28T12:47:05+00:00","breadcrumb":{"@id":"https:\/\/baerenschlucht-camping.de\/en\/imprint\/#breadcrumb"},"inLanguage":"en-US","potentialAction":[{"@type":"ReadAction","target":["https:\/\/baerenschlucht-camping.de\/en\/imprint\/"]}]},{"@type":"BreadcrumbList","@id":"https:\/\/baerenschlucht-camping.de\/en\/imprint\/#breadcrumb","itemListElement":[{"@type":"ListItem","position":1,"name":"Startseite","item":"https:\/\/baerenschlucht-camping.de\/en\/home-page\/"},{"@type":"ListItem","position":2,"name":"Imprint"}]},{"@type":"WebSite","@id":"https:\/\/baerenschlucht-camping.de\/en\/#website","url":"https:\/\/baerenschlucht-camping.de\/en\/","name":"Campingplatz B\u00e4renschlucht Pottenstein Fr\u00e4nkische Schweiz","description":"Einer der sch\u00f6nsten Campingpl\u00e4tze Europas","potentialAction":[{"@type":"SearchAction","target":{"@type":"EntryPoint","urlTemplate":"https:\/\/baerenschlucht-camping.de\/en\/?s={search_term_string}"},"query-input":{"@type":"PropertyValueSpecification","valueRequired":true,"valueName":"search_term_string"}}],"inLanguage":"en-US"}]}},"_links":{"self":[{"href":"https:\/\/baerenschlucht-camping.de\/en\/wp-json\/wp\/v2\/pages\/3942","targetHints":{"allow":["GET"]}}],"collection":[{"href":"https:\/\/baerenschlucht-camping.de\/en\/wp-json\/wp\/v2\/pages"}],"about":[{"href":"https:\/\/baerenschlucht-camping.de\/en\/wp-json\/wp\/v2\/types\/page"}],"author":[{"embeddable":true,"href":"https:\/\/baerenschlucht-camping.de\/en\/wp-json\/wp\/v2\/users\/3"}],"replies":[{"embeddable":true,"href":"https:\/\/baerenschlucht-camping.de\/en\/wp-json\/wp\/v2\/comments?post=3942"}],"version-history":[{"count":2,"href":"https:\/\/baerenschlucht-camping.de\/en\/wp-json\/wp\/v2\/pages\/3942\/revisions"}],"predecessor-version":[{"id":3944,"href":"https:\/\/baerenschlucht-camping.de\/en\/wp-json\/wp\/v2\/pages\/3942\/revisions\/3944"}],"wp:attachment":[{"href":"https:\/\/baerenschlucht-camping.de\/en\/wp-json\/wp\/v2\/media?parent=3942"}],"curies":[{"name":"wp","href":"https:\/\/api.w.org\/{rel}","templated":true}]}}